{"id":2725,"date":"2024-03-14T13:29:22","date_gmt":"2024-03-14T13:29:22","guid":{"rendered":"https:\/\/europrecision.ca\/atelier-dusinage\/"},"modified":"2024-03-25T20:50:03","modified_gmt":"2024-03-25T20:50:03","slug":"atelier-dusinage-services-dusinage-de-qualite","status":"publish","type":"page","link":"https:\/\/europrecision.ca\/fr\/atelier-dusinage-services-dusinage-de-qualite\/","title":{"rendered":"Atelier d&rsquo;usinage"},"content":{"rendered":"<p><div class=\"fusion-fullwidth fullwidth-box fusion-builder-row-1 fusion-flex-container nonhundred-percent-fullwidth non-hundred-percent-height-scrolling\" style=\"--awb-border-radius-top-left:0px;--awb-border-radius-top-right:0px;--awb-border-radius-bottom-right:0px;--awb-border-radius-bottom-left:0px;--awb-flex-wrap:wrap;\" ><div class=\"fusion-builder-row fusion-row fusion-flex-align-items-flex-start fusion-flex-content-wrap\" style=\"max-width:1185.6px;margin-left: calc(-4% \/ 2 );margin-right: calc(-4% \/ 2 );\"><div class=\"fusion-layout-column fusion_builder_column fusion-builder-column-0 fusion_builder_column_1_1 1_1 fusion-flex-column\" style=\"--awb-bg-size:cover;--awb-width-large:100%;--awb-margin-top-large:0px;--awb-spacing-right-large:1.92%;--awb-margin-bottom-large:20px;--awb-spacing-left-large:1.92%;--awb-width-medium:100%;--awb-order-medium:0;--awb-spacing-right-medium:1.92%;--awb-spacing-left-medium:1.92%;--awb-width-small:100%;--awb-order-small:0;--awb-spacing-right-small:1.92%;--awb-spacing-left-small:1.92%;\"><div class=\"fusion-column-wrapper fusion-column-has-shadow fusion-flex-justify-content-flex-start fusion-content-layout-column\"><div class=\"fusion-image-element \" style=\"--awb-caption-title-font-family:var(--h2_typography-font-family);--awb-caption-title-font-weight:var(--h2_typography-font-weight);--awb-caption-title-font-style:var(--h2_typography-font-style);--awb-caption-title-size:var(--h2_typography-font-size);--awb-caption-title-transform:var(--h2_typography-text-transform);--awb-caption-title-line-height:var(--h2_typography-line-height);--awb-caption-title-letter-spacing:var(--h2_typography-letter-spacing);\"><span class=\" fusion-imageframe imageframe-none imageframe-1 hover-type-none\"><img decoding=\"async\" width=\"2560\" height=\"1279\" alt=\"machine shop\" title=\"Atelier d&rsquo;usinage\" src=\"https:\/\/europrecision.ca\/wp-content\/uploads\/2023\/06\/2040x1020-scaled.jpg\" data-orig-src=\"https:\/\/europrecision.ca\/wp-content\/uploads\/2023\/06\/2040x1020-scaled.jpg\" class=\"lazyload img-responsive wp-image-1285\" srcset=\"data:image\/svg+xml,%3Csvg%20xmlns%3D%27http%3A%2F%2Fwww.w3.org%2F2000%2Fsvg%27%20width%3D%272560%27%20height%3D%271279%27%20viewBox%3D%270%200%202560%201279%27%3E%3Crect%20width%3D%272560%27%20height%3D%271279%27%20fill-opacity%3D%220%22%2F%3E%3C%2Fsvg%3E\" data-srcset=\"https:\/\/europrecision.ca\/wp-content\/uploads\/2023\/06\/2040x1020-200x100.jpg 200w, https:\/\/europrecision.ca\/wp-content\/uploads\/2023\/06\/2040x1020-400x200.jpg 400w, https:\/\/europrecision.ca\/wp-content\/uploads\/2023\/06\/2040x1020-600x300.jpg 600w, https:\/\/europrecision.ca\/wp-content\/uploads\/2023\/06\/2040x1020-800x400.jpg 800w, https:\/\/europrecision.ca\/wp-content\/uploads\/2023\/06\/2040x1020-1200x600.jpg 1200w, https:\/\/europrecision.ca\/wp-content\/uploads\/2023\/06\/2040x1020-scaled.jpg 2560w\" data-sizes=\"auto\" data-orig-sizes=\"(max-width: 1024px) 100vw, (max-width: 640px) 100vw, 1200px\" \/><\/span><\/div><\/div><\/div><\/div><\/div><div class=\"fusion-fullwidth fullwidth-box fusion-builder-row-2 fusion-flex-container nonhundred-percent-fullwidth non-hundred-percent-height-scrolling\" style=\"--awb-border-radius-top-left:0px;--awb-border-radius-top-right:0px;--awb-border-radius-bottom-right:0px;--awb-border-radius-bottom-left:0px;--awb-flex-wrap:wrap;\" ><div class=\"fusion-builder-row fusion-row fusion-flex-align-items-flex-start fusion-flex-content-wrap\" style=\"max-width:1185.6px;margin-left: calc(-4% \/ 2 );margin-right: calc(-4% \/ 2 );\"><div class=\"fusion-layout-column fusion_builder_column fusion-builder-column-1 fusion_builder_column_1_1 1_1 fusion-flex-column\" style=\"--awb-bg-size:cover;--awb-width-large:100%;--awb-margin-top-large:0px;--awb-spacing-right-large:1.92%;--awb-margin-bottom-large:20px;--awb-spacing-left-large:1.92%;--awb-width-medium:100%;--awb-order-medium:0;--awb-spacing-right-medium:1.92%;--awb-spacing-left-medium:1.92%;--awb-width-small:100%;--awb-order-small:0;--awb-spacing-right-small:1.92%;--awb-spacing-left-small:1.92%;\"><div class=\"fusion-column-wrapper fusion-column-has-shadow fusion-flex-justify-content-flex-start fusion-content-layout-column\"><div class=\"fusion-text fusion-text-1\" style=\"--awb-text-transform:none;\"><div style=\"text-align: left;\"><span style=\"background-color: rgba(255, 255, 255, 0); color: var(--body_typography-color); font-family: var(--body_typography-font-family); font-size: var(--body_typography-font-size); font-style: var(--body_typography-font-style,normal); font-weight: var(--body_typography-font-weight); letter-spacing: var(--body_typography-letter-spacing);\">Dans le monde complexe de la fabrication, l&rsquo;essence de l&rsquo;innovation et de la pr\u00e9cision trouve son foyer dans les <\/span><span style=\"background-color: rgba(255, 255, 255, 0); color: var(--body_typography-color); font-family: var(--body_typography-font-family); font-size: var(--body_typography-font-size); font-style: var(--body_typography-font-style,normal); font-weight: var(--body_typography-font-weight); letter-spacing: var(--body_typography-letter-spacing);\">ateliers d&rsquo;usinage. Ces espaces pivots o\u00f9 le m\u00e9tal rencontre la machine jouent un r\u00f4le crucial dans le cycle de <\/span><span style=\"background-color: rgba(255, 255, 255, 0); color: var(--body_typography-color); font-family: var(--body_typography-font-family); font-size: var(--body_typography-font-size); font-style: var(--body_typography-font-style,normal); font-weight: var(--body_typography-font-weight); letter-spacing: var(--body_typography-letter-spacing);\">d\u00e9veloppement des produits, de la conception initiale au produit final. Parmi les champions de ce domaine, <\/span><span style=\"background-color: rgba(255, 255, 255, 0); color: var(--body_typography-color); font-family: var(--body_typography-font-family); font-size: var(--body_typography-font-size); font-style: var(--body_typography-font-style,normal); font-weight: var(--body_typography-font-weight); letter-spacing: var(--body_typography-letter-spacing);\">Euro Pr\u00e9cision Inc. se distingue, repr\u00e9sentant un sommet de d\u00e9vouement, de technologie et d&rsquo;artisanat dans l&rsquo;industrie<\/span> <span style=\"background-color: rgba(255, 255, 255, 0); color: var(--body_typography-color); font-family: var(--body_typography-font-family); font-size: var(--body_typography-font-size); font-style: var(--body_typography-font-style,normal); font-weight: var(--body_typography-font-weight); letter-spacing: var(--body_typography-letter-spacing);\">des ateliers d&rsquo;usinage.<\/span><\/div>\n<\/div><\/div><\/div><\/div><\/div><div class=\"fusion-fullwidth fullwidth-box fusion-builder-row-3 fusion-flex-container nonhundred-percent-fullwidth non-hundred-percent-height-scrolling\" style=\"--awb-border-radius-top-left:0px;--awb-border-radius-top-right:0px;--awb-border-radius-bottom-right:0px;--awb-border-radius-bottom-left:0px;--awb-flex-wrap:wrap;\" ><div class=\"fusion-builder-row fusion-row fusion-flex-align-items-flex-start fusion-flex-content-wrap\" style=\"max-width:1185.6px;margin-left: calc(-4% \/ 2 );margin-right: calc(-4% \/ 2 );\"><div class=\"fusion-layout-column fusion_builder_column fusion-builder-column-2 fusion_builder_column_1_1 1_1 fusion-flex-column\" style=\"--awb-bg-size:cover;--awb-width-large:100%;--awb-margin-top-large:0px;--awb-spacing-right-large:1.92%;--awb-margin-bottom-large:20px;--awb-spacing-left-large:1.92%;--awb-width-medium:100%;--awb-order-medium:0;--awb-spacing-right-medium:1.92%;--awb-spacing-left-medium:1.92%;--awb-width-small:100%;--awb-order-small:0;--awb-spacing-right-small:1.92%;--awb-spacing-left-small:1.92%;\"><div class=\"fusion-column-wrapper fusion-column-has-shadow fusion-flex-justify-content-flex-start fusion-content-layout-column\"><div class=\"fusion-title title fusion-title-1 fusion-sep-none fusion-title-text fusion-title-size-one\" style=\"--awb-margin-top-small:10px;--awb-margin-right-small:0px;--awb-margin-bottom-small:10px;--awb-margin-left-small:0px;\"><h1 class=\"fusion-title-heading title-heading-left fusion-responsive-typography-calculated\" style=\"margin:0;text-transform:capitalize;--fontSize:60;line-height:var(--awb-typography1-line-height);\"><h2>Euro Pr\u00e9cision Inc. : Un Synonyme d&rsquo;Excellence<\/h2><\/h1><\/div><div class=\"fusion-text fusion-text-2\"><p>Euro Pr\u00e9cision Inc. n&rsquo;est pas qu&rsquo;un simple nom parmi la vaste mer des ateliers d&rsquo;usinage. C&rsquo;est un t\u00e9moignage de la puissance de la combinaison de l&rsquo;artisanat traditionnel et de la technologie moderne. Sp\u00e9cialis\u00e9e dans l&rsquo;usinage sur mesure et l&rsquo;usinage CNC (Commande Num\u00e9rique par Ordinateur), Euro Precision Inc. garantit que chaque pi\u00e8ce produite respecte les normes les plus \u00e9lev\u00e9es de qualit\u00e9 et de pr\u00e9cision. Leur engagement envers l&rsquo;excellence se refl\u00e8te non seulement dans les produits qu&rsquo;ils cr\u00e9ent, mais aussi dans la confiance qu&rsquo;ils ont \u00e9tablie avec leurs clients dans divers secteurs.<\/p>\n<\/div><\/div><\/div><\/div><\/div><div class=\"fusion-fullwidth fullwidth-box fusion-builder-row-4 fusion-flex-container nonhundred-percent-fullwidth non-hundred-percent-height-scrolling\" style=\"--awb-border-radius-top-left:0px;--awb-border-radius-top-right:0px;--awb-border-radius-bottom-right:0px;--awb-border-radius-bottom-left:0px;--awb-flex-wrap:wrap;\" ><div class=\"fusion-builder-row fusion-row fusion-flex-align-items-flex-start fusion-flex-content-wrap\" style=\"max-width:1185.6px;margin-left: calc(-4% \/ 2 );margin-right: calc(-4% \/ 2 );\"><div class=\"fusion-layout-column fusion_builder_column fusion-builder-column-3 fusion_builder_column_1_1 1_1 fusion-flex-column\" style=\"--awb-bg-size:cover;--awb-width-large:100%;--awb-margin-top-large:0px;--awb-spacing-right-large:1.92%;--awb-margin-bottom-large:20px;--awb-spacing-left-large:1.92%;--awb-width-medium:100%;--awb-order-medium:0;--awb-spacing-right-medium:1.92%;--awb-spacing-left-medium:1.92%;--awb-width-small:100%;--awb-order-small:0;--awb-spacing-right-small:1.92%;--awb-spacing-left-small:1.92%;\"><div class=\"fusion-column-wrapper fusion-column-has-shadow fusion-flex-justify-content-flex-start fusion-content-layout-column\"><div class=\"fusion-title title fusion-title-2 fusion-sep-none fusion-title-text fusion-title-size-one\" style=\"--awb-margin-top-small:10px;--awb-margin-right-small:0px;--awb-margin-bottom-small:10px;--awb-margin-left-small:0px;\"><h1 class=\"fusion-title-heading title-heading-left fusion-responsive-typography-calculated\" style=\"margin:0;text-transform:capitalize;--fontSize:60;line-height:var(--awb-typography1-line-height);\"><h2 class=\"fusion-responsive-typography-calculated\" data-fontsize=\"34\" data-lineheight=\"40.8px\">L&rsquo;importance de choisir le bon atelier d&rsquo;usinage<\/h2><\/h1><\/div><div class=\"fusion-text fusion-text-3\"><p>Le choix d&rsquo;un atelier d&rsquo;usinage peut avoir un impact significatif sur la qualit\u00e9, l&rsquo;efficacit\u00e9 et la rentabilit\u00e9 des projets de fabrication. Des facteurs tels que l&rsquo;expertise technique, la qualit\u00e9 de l&rsquo;\u00e9quipement et un historique de fiabilit\u00e9 se distinguent comme des consid\u00e9rations critiques. Euro Precision Inc. incarne ces qualit\u00e9s, offrant des services in\u00e9gal\u00e9s qui vont au-del\u00e0 de la simple fabrication. Leur d\u00e9vouement \u00e0 l&rsquo;innovation, au contr\u00f4le qualit\u00e9 et \u00e0 la satisfaction client en fait un choix de premier plan pour les entreprises ayant besoin de services d&rsquo;usinage de pr\u00e9cision.<\/p>\n<p>Dans le monde effr\u00e9n\u00e9 de la fabrication, o\u00f9 la pr\u00e9cision et la fiabilit\u00e9 sont primordiales, Euro Precision Inc. fixe la norme en mati\u00e8re d&rsquo;excellence dans les services d&rsquo;atelier d&rsquo;usinage. Leur m\u00e9lange de savoir-faire exp\u00e9riment\u00e9, de technologie avanc\u00e9e et de d\u00e9vouement in\u00e9branlable \u00e0 la qualit\u00e9 les place en t\u00eate de l&rsquo;industrie, en faisant un partenaire id\u00e9al pour tout projet n\u00e9cessitant une attention m\u00e9ticuleuse aux d\u00e9tails et une ex\u00e9cution sup\u00e9rieure.<\/p>\n<\/div><\/div><\/div><\/div><\/div><\/p>\n","protected":false},"excerpt":{"rendered":"","protected":false},"author":1,"featured_media":0,"parent":0,"menu_order":0,"comment_status":"closed","ping_status":"closed","template":"","meta":{"footnotes":""},"class_list":["post-2725","page","type-page","status-publish","hentry"],"_links":{"self":[{"href":"https:\/\/europrecision.ca\/fr\/wp-json\/wp\/v2\/pages\/2725","targetHints":{"allow":["GET"]}}],"collection":[{"href":"https:\/\/europrecision.ca\/fr\/wp-json\/wp\/v2\/pages"}],"about":[{"href":"https:\/\/europrecision.ca\/fr\/wp-json\/wp\/v2\/types\/page"}],"author":[{"embeddable":true,"href":"https:\/\/europrecision.ca\/fr\/wp-json\/wp\/v2\/users\/1"}],"replies":[{"embeddable":true,"href":"https:\/\/europrecision.ca\/fr\/wp-json\/wp\/v2\/comments?post=2725"}],"version-history":[{"count":0,"href":"https:\/\/europrecision.ca\/fr\/wp-json\/wp\/v2\/pages\/2725\/revisions"}],"wp:attachment":[{"href":"https:\/\/europrecision.ca\/fr\/wp-json\/wp\/v2\/media?parent=2725"}],"curies":[{"name":"wp","href":"https:\/\/api.w.org\/{rel}","templated":true}]}}