{"id":2309,"date":"2024-02-10T17:08:33","date_gmt":"2024-02-10T17:08:33","guid":{"rendered":"https:\/\/europrecision.ca\/sectors-of-activity\/"},"modified":"2024-02-10T17:38:07","modified_gmt":"2024-02-10T17:38:07","slug":"sectors-of-activity","status":"publish","type":"page","link":"https:\/\/europrecision.ca\/fr\/sectors-of-activity\/","title":{"rendered":"Secteurs d\u2019activit\u00e9s"},"content":{"rendered":"<div class=\"fusion-fullwidth fullwidth-box fusion-builder-row-1 fusion-flex-container nonhundred-percent-fullwidth non-hundred-percent-height-scrolling\" style=\"--awb-border-radius-top-left:0px;--awb-border-radius-top-right:0px;--awb-border-radius-bottom-right:0px;--awb-border-radius-bottom-left:0px;--awb-flex-wrap:wrap;\" ><div class=\"fusion-builder-row fusion-row fusion-flex-align-items-flex-start fusion-flex-content-wrap\" style=\"max-width:1185.6px;margin-left: calc(-4% \/ 2 );margin-right: calc(-4% \/ 2 );\"><div class=\"fusion-layout-column fusion_builder_column fusion-builder-column-0 fusion_builder_column_1_1 1_1 fusion-flex-column\" style=\"--awb-bg-size:cover;--awb-width-large:100%;--awb-margin-top-large:0px;--awb-spacing-right-large:1.92%;--awb-margin-bottom-large:20px;--awb-spacing-left-large:1.92%;--awb-width-medium:100%;--awb-order-medium:0;--awb-spacing-right-medium:1.92%;--awb-spacing-left-medium:1.92%;--awb-width-small:100%;--awb-order-small:0;--awb-spacing-right-small:1.92%;--awb-spacing-left-small:1.92%;\"><div class=\"fusion-column-wrapper fusion-column-has-shadow fusion-flex-justify-content-flex-start fusion-content-layout-column\"><div class=\"fusion-text fusion-text-1\" style=\"--awb-text-transform:none;\"><h2>Sciences optiques, photoniques et t\u00e9l\u00e9communications<\/h2>\n<p>Pour son excellence dans la production de petites pi\u00e8ces complexes et pr\u00e9cises pour les industries de la photonique, de l&rsquo;optique et des t\u00e9l\u00e9communications, Euro Precision a acquis une r\u00e9putation exceptionnelle. Le centre d&rsquo;usinage CNC d&rsquo;Euro Precision a d\u00e9velopp\u00e9 des techniques de nano- et micro-usinage \u00e0 la pointe de la technologie qui nous positionnent comme leaders de l&rsquo;industrie dans la fabrication de pi\u00e8ces m\u00e9caniques pour les syst\u00e8mes laser et de t\u00e9l\u00e9communication, la vision par ordinateur et l&rsquo;imagerie, et la fibre optique.<\/p>\n<p><img decoding=\"async\" class=\"lazyload wp-image-2289 size-medium alignright\" src=\"https:\/\/europrecision.ca\/wp-content\/uploads\/2024\/02\/sectors-of-activity-300x226.jpg\" data-orig-src=\"https:\/\/europrecision.ca\/wp-content\/uploads\/2024\/02\/sectors-of-activity-300x226.jpg\" alt=\"\" width=\"300\" height=\"226\" srcset=\"data:image\/svg+xml,%3Csvg%20xmlns%3D%27http%3A%2F%2Fwww.w3.org%2F2000%2Fsvg%27%20width%3D%27300%27%20height%3D%27226%27%20viewBox%3D%270%200%20300%20226%27%3E%3Crect%20width%3D%27300%27%20height%3D%27226%27%20fill-opacity%3D%220%22%2F%3E%3C%2Fsvg%3E\" data-srcset=\"https:\/\/europrecision.ca\/wp-content\/uploads\/2024\/02\/sectors-of-activity-200x151.jpg 200w, https:\/\/europrecision.ca\/wp-content\/uploads\/2024\/02\/sectors-of-activity-300x226.jpg 300w, https:\/\/europrecision.ca\/wp-content\/uploads\/2024\/02\/sectors-of-activity-400x301.jpg 400w, https:\/\/europrecision.ca\/wp-content\/uploads\/2024\/02\/sectors-of-activity-600x452.jpg 600w, https:\/\/europrecision.ca\/wp-content\/uploads\/2024\/02\/sectors-of-activity-768x578.jpg 768w, https:\/\/europrecision.ca\/wp-content\/uploads\/2024\/02\/sectors-of-activity-800x602.jpg 800w, https:\/\/europrecision.ca\/wp-content\/uploads\/2024\/02\/sectors-of-activity-1024x771.jpg 1024w, https:\/\/europrecision.ca\/wp-content\/uploads\/2024\/02\/sectors-of-activity-1200x904.jpg 1200w, https:\/\/europrecision.ca\/wp-content\/uploads\/2024\/02\/sectors-of-activity-1536x1157.jpg 1536w, https:\/\/europrecision.ca\/wp-content\/uploads\/2024\/02\/sectors-of-activity.jpg 1599w\" data-sizes=\"auto\" data-orig-sizes=\"(max-width: 300px) 100vw, 300px\" \/><\/p>\n<p>Les applications pour les composants en alliage d&rsquo;Euro Precision, qui incluent des mat\u00e9riaux comme le Kovar et l&rsquo;Invar, se trouvent au-dessus du sol, en dessous du sol, et m\u00eame dans l&rsquo;espace. Euro Precision abrite un groupe de travailleurs imaginatifs et cr\u00e9atifs qui utilisent des outils d&rsquo;usinage sp\u00e9cialement con\u00e7us pour des coentreprises avec des industries de haute technologie.<\/p>\n<h2>Syst\u00e8mes ferroviaires et de transport<\/h2>\n<p>Depuis 2003, le centre d&rsquo;usinage CNC d&rsquo;Euro Precision a constamment am\u00e9lior\u00e9 et d\u00e9velopp\u00e9 son habilet\u00e9 dans la cr\u00e9ation de composants usin\u00e9s. En utilisant des proc\u00e9dures de fabrication m\u00e9ticuleusement document\u00e9es et r\u00e9gul\u00e9es, l&rsquo;\u00e9quipe de professionnels chez Euro Precision garantit une production tra\u00e7able en conformit\u00e9 avec les normes de qualit\u00e9 AS9100:2016 et ISO 9001:2015.<\/p>\n<p>La production industrielle de pi\u00e8ces usin\u00e9es de pr\u00e9cision par Euro Precision respecte strictement les exigences sp\u00e9cifiques des clients et atteint les plus hauts standards de l&rsquo;industrie dans tous les aspects de l&rsquo;op\u00e9ration. Avec leur \u00e9quipement de production sup\u00e9rieur et leur \u00e9quipe d&rsquo;experts comp\u00e9tents, Euro Precision est capable d&rsquo;offrir des services professionnels dans toutes les industries du transport, en particulier ferroviaire. Cela implique de mettre un fort accent sur la satisfaction des clients et le respect des calendriers de livraison. L&rsquo;expertise en gestion d&rsquo;Euro Precision comprend les livraisons par syst\u00e8me Kanban et la livraison juste-\u00e0-temps, r\u00e9pondant avec succ\u00e8s \u00e0 une vari\u00e9t\u00e9 de logistiques.<\/p>\n<h2>Sant\u00e9 et dentisterie<\/h2>\n<p>Euro Precision s&rsquo;est impos\u00e9 comme un partenaire commercial de premier plan pour les entreprises op\u00e9rant dans les secteurs m\u00e9dical et dentaire, gr\u00e2ce \u00e0 son inventivit\u00e9 et sa ressource. En se concentrant sur la production de pi\u00e8ces usin\u00e9es complexes, Euro Precision travaille en \u00e9troite collaboration avec les d\u00e9partements de R&amp;D de nombreuses entreprises de ces industries pour fournir des pi\u00e8ces m\u00e9caniques compos\u00e9es de polym\u00e8res, de plastiques, d&rsquo;acier inoxydable et d&rsquo;autres alliages sp\u00e9ciaux.<\/p>\n<p>Des contr\u00f4les stricts sur les proc\u00e9dures de fabrication utilis\u00e9es par Euro Precision pour fabriquer des pi\u00e8ces usin\u00e9es de pr\u00e9cision garantissent une parfaite tra\u00e7abilit\u00e9 des mat\u00e9riaux et une qualit\u00e9 de fabrication constante. Par cons\u00e9quent, Euro Precision a gagn\u00e9 la confiance des entreprises op\u00e9rant dans les domaines de la dentisterie et m\u00e9dical et est fier d&rsquo;\u00eatre reconnu comme un partenaire de premier choix.<\/p>\n<h2>\u00c9nergie<\/h2>\n<p>Euro Precision garantit la livraison en temps voulu de r\u00e9sultats de haute qualit\u00e9 et s&rsquo;engage \u00e0 r\u00e9pondre aux besoins de ses clients. Depuis 2003, les partenaires dans le secteur de l&rsquo;\u00e9nergie ont b\u00e9n\u00e9fici\u00e9 de l&rsquo;exp\u00e9rience d&rsquo;Euro Precision en tant que fabricant de composants usin\u00e9s, de la production d&rsquo;\u00e9nergie au transport d&rsquo;\u00e9nergie.<\/p>\n<p>L&rsquo;\u00e9quipe d&rsquo;Euro Precision, avec des ann\u00e9es d&rsquo;exp\u00e9rience et d&rsquo;inventivit\u00e9, est comp\u00e9tente dans la cr\u00e9ation d&rsquo;une large gamme de pi\u00e8ces usin\u00e9es faites de laiton, de bronze d&rsquo;aluminium, et d&rsquo;autres alliages sp\u00e9ciaux, soit par barre solide soit par techniques de coul\u00e9e.<\/p>\n<h2>Secteur industriel et manufacturier<\/h2>\n<p>Fabriquer de petites composantes complexes et pr\u00e9cises est notre sp\u00e9cialit\u00e9 chez Euro Precision. Nous nous diff\u00e9rencions de la concurrence en offrant une production de haute volume de pi\u00e8ces usin\u00e9es \u00e0 des prix comp\u00e9titifs. Notre atelier de machines CNC est \u00e9quip\u00e9 d&rsquo;une vari\u00e9t\u00e9 d&rsquo;outils de fraisage num\u00e9riquement contr\u00f4l\u00e9s pr\u00e9cis et adaptables. L&rsquo;\u00e9quipe d&rsquo;experts d&rsquo;Euro Precision r\u00e9pond r\u00e9guli\u00e8rement ou d\u00e9passe les attentes des clients en termes de qualit\u00e9 et de ponctualit\u00e9 dans la livraison des composants.<\/p>\n<p>Acqu\u00e9rir une comp\u00e9tence significative dans l&rsquo;usinage du carbure a permis \u00e0 Euro Precision de s&rsquo;\u00e9tablir comme un leader dans la production de nombreux \u00e9quipements industriels complexes, pr\u00e9cis et hautement sp\u00e9cialis\u00e9s. Euro Precision r\u00e9alise des projets cl\u00e9s en main avec efficacit\u00e9 au Canada, aux \u00c9tats-Unis et dans d&rsquo;autres pays en collaborant \u00e9troitement avec un large r\u00e9seau de sous-traitants certifi\u00e9s.<\/p>\n<h2>Secteur militaire et de la d\u00e9fense<\/h2>\n<p>En tant que fournisseur privil\u00e9gi\u00e9 de l&rsquo;industrie de la d\u00e9fense, Euro Precision suit un plan de s\u00e9curit\u00e9 approuv\u00e9 par le Programme des marchandises contr\u00f4l\u00e9es (CGP) du gouvernement canadien. Notre personnel qualifi\u00e9 suit les exigences AS9100:2016 et ISO 9001:2015 pour la tra\u00e7abilit\u00e9 de la production en utilisant des processus de fabrication contr\u00f4l\u00e9s et une documentation compl\u00e8te.<\/p>\n<p>En utilisant des m\u00e9thodes de fabrication \u00e0 la pointe de la technologie et une vari\u00e9t\u00e9 d&rsquo;\u00e9quipements d&rsquo;usinage informatis\u00e9s adaptables, Euro Precision est un fabricant leader de composants finement usin\u00e9s pour les industries de la d\u00e9fense et militaire. Les d\u00e9partements techniques de nos clients travaillent \u00e9troitement avec l&rsquo;\u00e9quipe d&rsquo;Euro Precision, qui offre son soutien dans la r\u00e9solution de probl\u00e8mes difficiles.<\/p>\n<\/div><\/div><\/div><\/div><\/div>\n","protected":false},"excerpt":{"rendered":"","protected":false},"author":1,"featured_media":0,"parent":0,"menu_order":0,"comment_status":"closed","ping_status":"closed","template":"","meta":{"footnotes":""},"class_list":["post-2309","page","type-page","status-publish","hentry"],"_links":{"self":[{"href":"https:\/\/europrecision.ca\/fr\/wp-json\/wp\/v2\/pages\/2309","targetHints":{"allow":["GET"]}}],"collection":[{"href":"https:\/\/europrecision.ca\/fr\/wp-json\/wp\/v2\/pages"}],"about":[{"href":"https:\/\/europrecision.ca\/fr\/wp-json\/wp\/v2\/types\/page"}],"author":[{"embeddable":true,"href":"https:\/\/europrecision.ca\/fr\/wp-json\/wp\/v2\/users\/1"}],"replies":[{"embeddable":true,"href":"https:\/\/europrecision.ca\/fr\/wp-json\/wp\/v2\/comments?post=2309"}],"version-history":[{"count":0,"href":"https:\/\/europrecision.ca\/fr\/wp-json\/wp\/v2\/pages\/2309\/revisions"}],"wp:attachment":[{"href":"https:\/\/europrecision.ca\/fr\/wp-json\/wp\/v2\/media?parent=2309"}],"curies":[{"name":"wp","href":"https:\/\/api.w.org\/{rel}","templated":true}]}}