{"id":1305,"date":"2023-06-11T15:28:27","date_gmt":"2023-06-11T15:28:27","guid":{"rendered":"https:\/\/europrecision.ca\/new\/nos-technologies\/"},"modified":"2024-03-27T19:15:54","modified_gmt":"2024-03-27T19:15:54","slug":"nos-technologies","status":"publish","type":"page","link":"https:\/\/europrecision.ca\/fr\/nos-technologies\/","title":{"rendered":"Services"},"content":{"rendered":"<p><div class=\"fusion-fullwidth fullwidth-box fusion-builder-row-1 fusion-flex-container nonhundred-percent-fullwidth non-hundred-percent-height-scrolling\" style=\"--awb-border-radius-top-left:0px;--awb-border-radius-top-right:0px;--awb-border-radius-bottom-right:0px;--awb-border-radius-bottom-left:0px;--awb-flex-wrap:wrap;\" ><div class=\"fusion-builder-row fusion-row fusion-flex-align-items-flex-start fusion-flex-content-wrap\" style=\"max-width:1185.6px;margin-left: calc(-4% \/ 2 );margin-right: calc(-4% \/ 2 );\"><div class=\"fusion-layout-column fusion_builder_column fusion-builder-column-0 fusion_builder_column_1_1 1_1 fusion-flex-column\" style=\"--awb-bg-size:cover;--awb-width-large:100%;--awb-margin-top-large:0px;--awb-spacing-right-large:1.92%;--awb-margin-bottom-large:20px;--awb-spacing-left-large:1.92%;--awb-width-medium:100%;--awb-order-medium:0;--awb-spacing-right-medium:1.92%;--awb-spacing-left-medium:1.92%;--awb-width-small:100%;--awb-order-small:0;--awb-spacing-right-small:1.92%;--awb-spacing-left-small:1.92%;\"><div class=\"fusion-column-wrapper fusion-column-has-shadow fusion-flex-justify-content-flex-start fusion-content-layout-column\"><div class=\"fusion-text fusion-text-1\" style=\"--awb-font-size:20px;--awb-text-color:var(--awb-color8);--awb-text-font-family:&quot;Poppins&quot;;--awb-text-font-style:normal;--awb-text-font-weight:600;\"><p style=\"text-align: center;\"><span style=\"font-weight: normal;\">La<\/span> gestion<span style=\"font-weight: normal;\">,<\/span> l&rsquo;organisation <span style=\"font-weight: normal;\">et<\/span> le contr\u00f4le qualit\u00e9 <span style=\"font-weight: normal;\">derri\u00e8re Euro Precision sont<\/span> de classe mondiale<span style=\"font-weight: normal;\">. Notre \u00e9quipe est compos\u00e9e d&rsquo;experts hautement qualifi\u00e9s qui travaillent avec <\/span>int\u00e9grit\u00e9, <span style=\"font-weight: normal;\">fiers de fournir aux clients, comme vous,<\/span> des produits de qualit\u00e9 sup\u00e9rieure.<\/p>\n<p style=\"text-align: center;\"><span style=\"font-weight: normal;\">\u00c9quip\u00e9 de<\/span> 17 machines CNC<span style=\"font-weight: normal;\">.<\/span> <span style=\"color: var(--awb-color8); background-color: rgba(255, 255, 255, 0); font-style: var(--body_typography-font-style,normal); letter-spacing: var(--body_typography-letter-spacing);\"><span style=\"font-weight: normal;\">Continuez \u00e0 investir dans <\/span>la technologie de pointe et l&rsquo;automatisation.<\/span><\/p>\n<\/div><\/div><\/div><\/div><\/div><div class=\"fusion-fullwidth fullwidth-box fusion-builder-row-2 fusion-flex-container nonhundred-percent-fullwidth non-hundred-percent-height-scrolling\" style=\"--awb-border-radius-top-left:0px;--awb-border-radius-top-right:0px;--awb-border-radius-bottom-right:0px;--awb-border-radius-bottom-left:0px;--awb-flex-wrap:wrap;\" ><div class=\"fusion-builder-row fusion-row fusion-flex-align-items-flex-start fusion-flex-content-wrap\" style=\"max-width:1185.6px;margin-left: calc(-4% \/ 2 );margin-right: calc(-4% \/ 2 );\"><div class=\"fusion-layout-column fusion_builder_column fusion-builder-column-1 fusion_builder_column_1_4 1_4 fusion-flex-column\" style=\"--awb-bg-size:cover;--awb-width-large:25%;--awb-margin-top-large:0px;--awb-spacing-right-large:7.68%;--awb-margin-bottom-large:20px;--awb-spacing-left-large:7.68%;--awb-width-medium:100%;--awb-order-medium:0;--awb-spacing-right-medium:1.92%;--awb-spacing-left-medium:1.92%;--awb-width-small:100%;--awb-order-small:0;--awb-spacing-right-small:1.92%;--awb-spacing-left-small:1.92%;\"><div class=\"fusion-column-wrapper fusion-column-has-shadow fusion-flex-justify-content-flex-start fusion-content-layout-column\"><\/div><\/div><div class=\"fusion-layout-column fusion_builder_column fusion-builder-column-2 fusion_builder_column_1_4 1_4 fusion-flex-column fusion-flex-align-self-stretch\" style=\"--awb-bg-size:cover;--awb-width-large:25%;--awb-margin-top-large:0px;--awb-spacing-right-large:7.68%;--awb-margin-bottom-large:20px;--awb-spacing-left-large:7.68%;--awb-width-medium:100%;--awb-order-medium:0;--awb-spacing-right-medium:1.92%;--awb-spacing-left-medium:1.92%;--awb-width-small:100%;--awb-order-small:0;--awb-spacing-right-small:1.92%;--awb-spacing-left-small:1.92%;\"><div class=\"fusion-column-wrapper fusion-column-has-shadow fusion-flex-justify-content-center fusion-content-layout-column\"><div style=\"text-align:center;\"><a class=\"fusion-button button-flat button-xlarge button-default fusion-button-default button-1 fusion-button-default-span fusion-button-default-type\" style=\"--button-border-radius-top-left:10px;--button-border-radius-top-right:10px;--button-border-radius-bottom-right:10px;--button-border-radius-bottom-left:10px;\" target=\"_blank\" rel=\"noopener noreferrer\" href=\"https:\/\/europrecision.ca\/fr\/fraisage\/\"><span class=\"fusion-button-text awb-button__text awb-button__text--default\">FRAISAGE<\/span><\/a><\/div><\/div><\/div><div class=\"fusion-layout-column fusion_builder_column fusion-builder-column-3 fusion_builder_column_1_4 1_4 fusion-flex-column fusion-flex-align-self-stretch\" style=\"--awb-bg-size:cover;--awb-width-large:25%;--awb-margin-top-large:0px;--awb-spacing-right-large:7.68%;--awb-margin-bottom-large:20px;--awb-spacing-left-large:7.68%;--awb-width-medium:100%;--awb-order-medium:0;--awb-spacing-right-medium:1.92%;--awb-spacing-left-medium:1.92%;--awb-width-small:100%;--awb-order-small:0;--awb-spacing-right-small:1.92%;--awb-spacing-left-small:1.92%;\"><div class=\"fusion-column-wrapper fusion-column-has-shadow fusion-flex-justify-content-center fusion-content-layout-column\"><div style=\"text-align:center;\"><a class=\"fusion-button button-flat button-xlarge button-default fusion-button-default button-2 fusion-button-default-span fusion-button-default-type\" style=\"--button-border-radius-top-left:10px;--button-border-radius-top-right:10px;--button-border-radius-bottom-right:10px;--button-border-radius-bottom-left:10px;\" target=\"_blank\" rel=\"noopener noreferrer\" href=\"https:\/\/europrecision.ca\/fr\/tour\/\"><span class=\"fusion-button-text awb-button__text awb-button__text--default\">TOUR<\/span><\/a><\/div><\/div><\/div><div class=\"fusion-layout-column fusion_builder_column fusion-builder-column-4 fusion_builder_column_1_4 1_4 fusion-flex-column\" style=\"--awb-bg-size:cover;--awb-width-large:25%;--awb-margin-top-large:0px;--awb-spacing-right-large:7.68%;--awb-margin-bottom-large:20px;--awb-spacing-left-large:7.68%;--awb-width-medium:100%;--awb-order-medium:0;--awb-spacing-right-medium:1.92%;--awb-spacing-left-medium:1.92%;--awb-width-small:100%;--awb-order-small:0;--awb-spacing-right-small:1.92%;--awb-spacing-left-small:1.92%;\"><div class=\"fusion-column-wrapper fusion-column-has-shadow fusion-flex-justify-content-flex-start fusion-content-layout-column\"><\/div><\/div><div class=\"fusion-layout-column fusion_builder_column fusion-builder-column-5 fusion_builder_column_1_1 1_1 fusion-flex-column\" style=\"--awb-bg-size:cover;--awb-width-large:100%;--awb-margin-top-large:0px;--awb-spacing-right-large:1.92%;--awb-margin-bottom-large:20px;--awb-spacing-left-large:1.92%;--awb-width-medium:100%;--awb-order-medium:0;--awb-spacing-right-medium:1.92%;--awb-spacing-left-medium:1.92%;--awb-width-small:100%;--awb-order-small:0;--awb-spacing-right-small:1.92%;--awb-spacing-left-small:1.92%;\"><div class=\"fusion-column-wrapper fusion-column-has-shadow fusion-flex-justify-content-flex-start fusion-content-layout-column\"><div class=\"fusion-separator fusion-full-width-sep\" style=\"align-self: center;margin-left: auto;margin-right: auto;width:100%;\"><div class=\"fusion-separator-border sep-single sep-solid\" style=\"--awb-height:20px;--awb-amount:20px;border-color:var(--awb-color6);border-top-width:1px;\"><\/div><\/div><\/div><\/div><\/div><\/div><div class=\"fusion-fullwidth fullwidth-box fusion-builder-row-3 fusion-flex-container nonhundred-percent-fullwidth non-hundred-percent-height-scrolling\" style=\"--awb-border-radius-top-left:0px;--awb-border-radius-top-right:0px;--awb-border-radius-bottom-right:0px;--awb-border-radius-bottom-left:0px;--awb-margin-top:0px;--awb-flex-wrap:wrap;\" ><div class=\"fusion-builder-row fusion-row fusion-flex-align-items-flex-start fusion-flex-content-wrap\" style=\"max-width:1185.6px;margin-left: calc(-4% \/ 2 );margin-right: calc(-4% \/ 2 );\"><div class=\"fusion-layout-column fusion_builder_column fusion-builder-column-6 fusion_builder_column_1_1 1_1 fusion-flex-column\" style=\"--awb-bg-size:cover;--awb-width-large:100%;--awb-margin-top-large:0px;--awb-spacing-right-large:1.92%;--awb-margin-bottom-large:20px;--awb-spacing-left-large:1.92%;--awb-width-medium:100%;--awb-order-medium:0;--awb-spacing-right-medium:1.92%;--awb-spacing-left-medium:1.92%;--awb-width-small:100%;--awb-order-small:0;--awb-spacing-right-small:1.92%;--awb-spacing-left-small:1.92%;\"><div class=\"fusion-column-wrapper fusion-column-has-shadow fusion-flex-justify-content-flex-start fusion-content-layout-column\"><div class=\"fusion-title title fusion-title-1 fusion-sep-none fusion-title-center fusion-title-text fusion-title-size-one\" style=\"--awb-margin-bottom:20px;--awb-margin-top-small:10px;--awb-margin-right-small:0px;--awb-margin-bottom-small:10px;--awb-margin-left-small:0px;--awb-font-size:40px;\"><h1 class=\"fusion-title-heading title-heading-center fusion-responsive-typography-calculated\" style=\"margin:0;text-transform:capitalize;font-size:1em;--fontSize:40;line-height:var(--awb-typography1-line-height);\">Secteurs d&rsquo;activit\u00e9<\/h1><\/div><div class=\"fusion-text fusion-text-2\" style=\"--awb-text-transform:none;\"><h2>Sciences optiques, photoniques et des t\u00e9l\u00e9communications<\/h2>\n<p><strong> <\/strong>Euro Precision a acquis une r\u00e9putation exceptionnelle gr\u00e2ce \u00e0 son excellente comp\u00e9tence dans la production de petites pi\u00e8ces complexes et pr\u00e9cises pour les industries de la photonique, de l&rsquo;optique et des t\u00e9l\u00e9communications. Le centre d&rsquo;usinage CNC d&rsquo;Euro Precision a d\u00e9velopp\u00e9 des techniques de nano et micro-usinage de pointe qui nous positionnent comme des leaders de l&rsquo;industrie dans la fabrication de pi\u00e8ces m\u00e9caniques pour les syst\u00e8mes laser et de t\u00e9l\u00e9communication, la vision par ordinateur et l&rsquo;imagerie, ainsi que les fibres optiques.<img decoding=\"async\" class=\"lazyload wp-image-2289 size-medium alignright\" src=\"https:\/\/europrecision.ca\/wp-content\/uploads\/2024\/02\/sectors-of-activity-300x226.jpg\" data-orig-src=\"https:\/\/europrecision.ca\/wp-content\/uploads\/2024\/02\/sectors-of-activity-300x226.jpg\" alt=\"\" width=\"300\" height=\"226\" srcset=\"data:image\/svg+xml,%3Csvg%20xmlns%3D%27http%3A%2F%2Fwww.w3.org%2F2000%2Fsvg%27%20width%3D%27300%27%20height%3D%27226%27%20viewBox%3D%270%200%20300%20226%27%3E%3Crect%20width%3D%27300%27%20height%3D%27226%27%20fill-opacity%3D%220%22%2F%3E%3C%2Fsvg%3E\" data-srcset=\"https:\/\/europrecision.ca\/wp-content\/uploads\/2024\/02\/sectors-of-activity-200x151.jpg 200w, https:\/\/europrecision.ca\/wp-content\/uploads\/2024\/02\/sectors-of-activity-300x226.jpg 300w, https:\/\/europrecision.ca\/wp-content\/uploads\/2024\/02\/sectors-of-activity-400x301.jpg 400w, https:\/\/europrecision.ca\/wp-content\/uploads\/2024\/02\/sectors-of-activity-600x452.jpg 600w, https:\/\/europrecision.ca\/wp-content\/uploads\/2024\/02\/sectors-of-activity-768x578.jpg 768w, https:\/\/europrecision.ca\/wp-content\/uploads\/2024\/02\/sectors-of-activity-800x602.jpg 800w, https:\/\/europrecision.ca\/wp-content\/uploads\/2024\/02\/sectors-of-activity-1024x771.jpg 1024w, https:\/\/europrecision.ca\/wp-content\/uploads\/2024\/02\/sectors-of-activity-1200x904.jpg 1200w, https:\/\/europrecision.ca\/wp-content\/uploads\/2024\/02\/sectors-of-activity-1536x1157.jpg 1536w, https:\/\/europrecision.ca\/wp-content\/uploads\/2024\/02\/sectors-of-activity.jpg 1599w\" data-sizes=\"auto\" data-orig-sizes=\"(max-width: 300px) 100vw, 300px\" \/><\/p>\n<p>Les composants en alliage d&rsquo;Euro Precision, comprenant des mat\u00e9riaux tels que le Kovar et l&rsquo;Invar, sont utilis\u00e9s dans des applications terrestres, souterraines, et m\u00eame dans l&rsquo;espace. Euro Precision abrite un groupe de travailleurs imaginatifs et cr\u00e9atifs qui utilisent des outils d&rsquo;usinage con\u00e7us sp\u00e9cialement pour des partenariats avec des industries de haute technologie.<\/p>\n<h2>Syst\u00e8mes ferroviaires et de transport<\/h2>\n<p><strong> <\/strong>Depuis 2003, le centre d&rsquo;usinage CNC d&rsquo;Euro Precision a constamment am\u00e9lior\u00e9 et d\u00e9velopp\u00e9 ses comp\u00e9tences dans la cr\u00e9ation de composants usin\u00e9s. En utilisant des proc\u00e9dures de fabrication m\u00e9ticuleusement document\u00e9es et r\u00e9glement\u00e9es, l&rsquo;\u00e9quipe de professionnels d&rsquo;Euro Precision garantit une production tra\u00e7able conforme aux normes de qualit\u00e9 AS9100:2016 et ISO 9001:2015.<\/p>\n<p>La production industrielle de pi\u00e8ces usin\u00e9es de pr\u00e9cision par Euro Precision est strictement conforme aux exigences sp\u00e9cifiques des clients et r\u00e9pond aux normes les plus \u00e9lev\u00e9es de l&rsquo;industrie dans tous les aspects de l&rsquo;op\u00e9ration. Avec leur \u00e9quipement de production sup\u00e9rieur et leur \u00e9quipe d&rsquo;experts comp\u00e9tents, Euro Precision est en mesure d&rsquo;offrir des services professionnels dans tous les secteurs des transports, notamment le ferroviaire. Cela implique de mettre un fort accent sur la satisfaction des clients et le respect des d\u00e9lais de livraison. L&rsquo;expertise en gestion d&rsquo;Euro Precision inclut \u00e0 la fois les livraisons par syst\u00e8me Kanban et la livraison juste-\u00e0-temps, r\u00e9pondant ainsi avec succ\u00e8s \u00e0 diverses exigences logistiques.<\/p>\n<h2>Sant\u00e9 et dentisterie<\/h2>\n<p>Euro Precision s&rsquo;est impos\u00e9e comme un partenaire commercial de premier plan pour les entreprises op\u00e9rant dans les secteurs m\u00e9dical et dentaire, gr\u00e2ce \u00e0 son inventivit\u00e9 et \u00e0 son ing\u00e9niosit\u00e9. Ax\u00e9e sur la production de pi\u00e8ces usin\u00e9es complexes, Euro Precision collabore \u00e9troitement avec les d\u00e9partements de R&amp;D de nombreuses entreprises de ces secteurs pour fournir des pi\u00e8ces m\u00e9caniques compos\u00e9es de polym\u00e8res, de plastiques, d&rsquo;acier inoxydable et d&rsquo;autres alliages sp\u00e9cialis\u00e9s.<\/p>\n<p>Les contr\u00f4les stricts sur les proc\u00e9dures de fabrication utilis\u00e9es par Euro Precision pour fabriquer des pi\u00e8ces usin\u00e9es de pr\u00e9cision garantissent une parfaite tra\u00e7abilit\u00e9 des mat\u00e9riaux et une qualit\u00e9 de fabrication constante. Par cons\u00e9quent, Euro Precision a gagn\u00e9 la confiance des entreprises op\u00e9rant dans les domaines de la dentisterie et de la m\u00e9decine, et est fier d&rsquo;\u00eatre reconnu comme un partenaire de premier plan.<\/p>\n<h2>\u00c9nergie<\/h2>\n<p>Euro Precision garantit la livraison en temps voulu de r\u00e9sultats de haute qualit\u00e9 et s&rsquo;engage \u00e0 r\u00e9pondre aux besoins de ses clients. Depuis 2003, les partenaires du secteur de l&rsquo;\u00e9nergie, de la production \u00e0 la distribution, ont b\u00e9n\u00e9fici\u00e9 de l&rsquo;exp\u00e9rience d&rsquo;Euro Precision en tant que fabricant de composants usin\u00e9s.<\/p>\n<p>L&rsquo;\u00e9quipe d&rsquo;Euro Precision, forte de nombreuses ann\u00e9es d&rsquo;exp\u00e9rience et d&rsquo;inventivit\u00e9, est sp\u00e9cialis\u00e9e dans la cr\u00e9ation d&rsquo;une large gamme de pi\u00e8ces usin\u00e9es en laiton, en bronze d&rsquo;aluminium et en d&rsquo;autres alliages sp\u00e9ciaux, que ce soit par barre pleine ou par techniques de moulage.<\/p>\n<h2>Secteur industriel et manufacturier<\/h2>\n<p><strong> <\/strong>Fabriquer des composants minuscules, complexes et pr\u00e9cis est notre sp\u00e9cialit\u00e9 chez Euro Precision. Nous nous diff\u00e9rencions de la concurrence en proposant une production \u00e0 grande \u00e9chelle de pi\u00e8ces usin\u00e9es \u00e0 des prix comp\u00e9titifs. Notre atelier d&rsquo;usinage CNC est \u00e9quip\u00e9 d&rsquo;une vari\u00e9t\u00e9 d&rsquo;outils de fraisage pr\u00e9cis et adaptables contr\u00f4l\u00e9s num\u00e9riquement. L&rsquo;\u00e9quipe d&rsquo;experts d&rsquo;Euro Precision rencontre r\u00e9guli\u00e8rement, voire d\u00e9passe, les attentes des clients en termes de qualit\u00e9 et de respect des d\u00e9lais de livraison des composants.<\/p>\n<p>Acqu\u00e9rir une grande expertise dans l&rsquo;usinage du carbure a permis \u00e0 Euro Precision de se positionner en tant que leader dans la production de nombreux \u00e9quipements industriels complexes, pr\u00e9cis et hautement sp\u00e9cialis\u00e9s. Euro Precision r\u00e9alise des projets cl\u00e9s en main avec efficacit\u00e9 au Canada, aux \u00c9tats-Unis et dans d&rsquo;autres pays en collaborant \u00e9troitement avec un vaste r\u00e9seau de sous-traitants certifi\u00e9s.<\/p>\n<h2>Secteur militaire et de la d\u00e9fense<\/h2>\n<p>En tant que fournisseur privil\u00e9gi\u00e9 de l&rsquo;industrie de la d\u00e9fense, Euro Precision suit un plan de s\u00e9curit\u00e9 approuv\u00e9 par le Programme des marchandises contr\u00f4l\u00e9es (PMC) du gouvernement canadien. Notre personnel qualifi\u00e9 suit les exigences de l&rsquo;AS9100:2016 et de l&rsquo;ISO 9001:2015 pour la tra\u00e7abilit\u00e9 de la production en utilisant des processus de fabrication contr\u00f4l\u00e9s et une documentation compl\u00e8te.<\/p>\n<p>Avec l&rsquo;utilisation de m\u00e9thodes de fabrication de pointe et d&rsquo;une vari\u00e9t\u00e9 d&rsquo;\u00e9quipements d&rsquo;usinage contr\u00f4l\u00e9s par ordinateur et adaptables, Euro Precision est un fabricant de premier plan de composants finement usin\u00e9s pour les industries de la d\u00e9fense et militaires. Les d\u00e9partements techniques de nos clients travaillent en \u00e9troite collaboration avec l&rsquo;\u00e9quipe d&rsquo;Euro Precision, qui offre une assistance pour r\u00e9soudre les probl\u00e8mes difficiles.<\/p>\n<\/div><\/div><\/div><\/div><\/div><\/p>\n","protected":false},"excerpt":{"rendered":"","protected":false},"author":1,"featured_media":0,"parent":0,"menu_order":0,"comment_status":"closed","ping_status":"closed","template":"","meta":{"footnotes":""},"class_list":["post-1305","page","type-page","status-publish","hentry"],"_links":{"self":[{"href":"https:\/\/europrecision.ca\/fr\/wp-json\/wp\/v2\/pages\/1305","targetHints":{"allow":["GET"]}}],"collection":[{"href":"https:\/\/europrecision.ca\/fr\/wp-json\/wp\/v2\/pages"}],"about":[{"href":"https:\/\/europrecision.ca\/fr\/wp-json\/wp\/v2\/types\/page"}],"author":[{"embeddable":true,"href":"https:\/\/europrecision.ca\/fr\/wp-json\/wp\/v2\/users\/1"}],"replies":[{"embeddable":true,"href":"https:\/\/europrecision.ca\/fr\/wp-json\/wp\/v2\/comments?post=1305"}],"version-history":[{"count":0,"href":"https:\/\/europrecision.ca\/fr\/wp-json\/wp\/v2\/pages\/1305\/revisions"}],"wp:attachment":[{"href":"https:\/\/europrecision.ca\/fr\/wp-json\/wp\/v2\/media?parent=1305"}],"curies":[{"name":"wp","href":"https:\/\/api.w.org\/{rel}","templated":true}]}}